{"id":5324,"date":"2018-11-07T10:03:40","date_gmt":"2018-11-07T09:03:40","guid":{"rendered":"http:\/\/websurfer.es\/?page_id=5324"},"modified":"2021-03-08T17:05:43","modified_gmt":"2021-03-08T16:05:43","slug":"quienessomos","status":"publish","type":"page","link":"https:\/\/aizufamiliak.barakaldo.eus\/es\/quienessomos\/","title":{"rendered":"\u00bfQui\u00e9nes somos?"},"content":{"rendered":"<p><\/p>\n<div class=\"quienessomosdiv\">\n<h2><span style=\"font-size: 24pt;\">Somos el servicio de informaci\u00f3n y acompa\u00f1amiento en la infancia y adolescencia para la prevenci\u00f3n de adicciones.<\/span><\/h2>\n<p>El equipo est\u00e1 formado por tres asesoras cuya labor est\u00e1 dirigida a profesionales y a profesorado tanto de primaria como de secundaria del municipio de Barakaldo y por tres educadoras sociales que intervienen con j\u00f3venes de 12 a 18 a\u00f1os. Contando tambi\u00e9n con una figura de coordinaci\u00f3n.<\/p>\n<\/div>\n<p>[vc_row][vc_column][vc_column_text]<\/p>\n<div class=\"quienessomosdiv\">\n<p>Este espacio pretende ser un lugar de encuentro en el que conocer aspectos relativos al crecimiento de vuestros hijos e hijas. El objetivo principal es acompa\u00f1aros en la apasionante aventura de la crianza y a la vez fortalecer vuestro papel preventivo frente a posibles conductas de riesgo, as\u00ed como potenciar vuestra capacidad de fomentar conductas promotoras de la salud.<\/p>\n<\/div>\n<div class=\"quienessomosdiv\">\n<h2><span style=\"font-size: 24pt;\">Otras l\u00edneas del Servicio:<\/span><\/h2>\n<\/div>\n<div class=\"quienessomosdiv\">\n<h2><span style=\"font-size: 24pt;\">Profesorado:<\/span><\/h2>\n<p>Ofrecemos asesoramiento, orientaci\u00f3n para la prevenci\u00f3n de las adicciones y formaci\u00f3n espec\u00edfica.<\/p>\n<p>Dise\u00f1amos y elaboramos material para trabajar las dificultades relacionales en el aula y en la prevenci\u00f3n de adicciones.<\/p>\n<\/div>\n<div class=\"quienessomosdiv\">\n<h2><span style=\"font-size: 24pt;\">Alumnado:<\/span><\/h2>\n<p>Mantenemos una presencia educativa en espacios de recreo y comedor en 8 centros de secundaria de Barakaldo realizando tanto intervenciones individuales como grupales.<\/p>\n<p>Por otro lado, dentro del aula realizamos talleres de prevenci\u00f3n sobre diferentes tem\u00e1ticas como las relaciones entre iguales, redes sociales, drogas\u2026 tanto en primaria como en secundaria.<\/p>\n<\/div>\n<div class=\"quienessomosdiv\">\n<h2><span style=\"font-size: 24pt;\">Familias:<\/span><\/h2>\n<p>Realizamos asesoramiento y orientaci\u00f3n a familias as\u00ed como talleres formativos dirigidos a familias con hijos\/as en todas las etapas evolutivas, desde infantil hasta bachiller. (<a href=\"https:\/\/aizufamiliak.barakaldo.eus\/es\/categoria\/talleres\/\">Talleres Aizufamiliak<\/a>)<\/p>\n<\/div>\n<p>[\/vc_column_text][\/vc_column][\/vc_row][vc_row][vc_column width=\u00bb1\/2&#8243;][vc_column_text]<\/p>\n<div class=\"quienessomosdiv\">\n<h2><span style=\"font-size: 24pt;\">Local:<\/span><\/h2>\n<p>Se realizan grupos educativos que abordan temas y preocupaciones de la adolescencia.<br \/>\nTambi\u00e9n realizamos medidas alternativas a las sanciones administrativas de alcohol y cannabis, acompa\u00f1amientos individuales y atenci\u00f3n a dudas y demandas de la adolescencia.<\/p>\n<\/div>\n<p>[\/vc_column_text][\/vc_column][vc_column width=\u00bb1\/2&#8243;][vc_single_image image=\u00bb4746&#8243; img_size=\u00bblarge\u00bb alignment=\u00bbright\u00bb css=\u00bb.vc_custom_1545382070534{margin-top: 70px !important;}\u00bb][\/vc_column][\/vc_row]<\/p>","protected":false},"excerpt":{"rendered":"<p>Somos el servicio de informaci\u00f3n y acompa\u00f1amiento en la infancia y adolescencia para la prevenci\u00f3n de adicciones. El equipo est\u00e1 formado por tres asesoras cuya labor est\u00e1 dirigida a profesionales y a profesorado tanto de primaria como de secundaria del municipio de Barakaldo y por tres educadoras sociales que intervienen con j\u00f3venes de 12 a [&hellip;]<\/p>\n","protected":false},"author":1,"featured_media":4787,"parent":0,"menu_order":0,"comment_status":"closed","ping_status":"closed","template":"","meta":{"footnotes":""},"categories":[],"tags":[],"post_mailing_queue_ids":[],"_links":{"self":[{"href":"https:\/\/aizufamiliak.barakaldo.eus\/es\/wp-json\/wp\/v2\/pages\/5324"}],"collection":[{"href":"https:\/\/aizufamiliak.barakaldo.eus\/es\/wp-json\/wp\/v2\/pages"}],"about":[{"href":"https:\/\/aizufamiliak.barakaldo.eus\/es\/wp-json\/wp\/v2\/types\/page"}],"author":[{"embeddable":true,"href":"https:\/\/aizufamiliak.barakaldo.eus\/es\/wp-json\/wp\/v2\/users\/1"}],"replies":[{"embeddable":true,"href":"https:\/\/aizufamiliak.barakaldo.eus\/es\/wp-json\/wp\/v2\/comments?post=5324"}],"version-history":[{"count":16,"href":"https:\/\/aizufamiliak.barakaldo.eus\/es\/wp-json\/wp\/v2\/pages\/5324\/revisions"}],"predecessor-version":[{"id":5932,"href":"https:\/\/aizufamiliak.barakaldo.eus\/es\/wp-json\/wp\/v2\/pages\/5324\/revisions\/5932"}],"wp:featuredmedia":[{"embeddable":true,"href":"https:\/\/aizufamiliak.barakaldo.eus\/es\/wp-json\/wp\/v2\/media\/4787"}],"wp:attachment":[{"href":"https:\/\/aizufamiliak.barakaldo.eus\/es\/wp-json\/wp\/v2\/media?parent=5324"}],"wp:term":[{"taxonomy":"category","embeddable":true,"href":"https:\/\/aizufamiliak.barakaldo.eus\/es\/wp-json\/wp\/v2\/categories?post=5324"},{"taxonomy":"post_tag","embeddable":true,"href":"https:\/\/aizufamiliak.barakaldo.eus\/es\/wp-json\/wp\/v2\/tags?post=5324"}],"curies":[{"name":"wp","href":"https:\/\/api.w.org\/{rel}","templated":true}]}}