{"id":35,"date":"2015-01-26T19:53:17","date_gmt":"2015-01-26T19:53:17","guid":{"rendered":"http:\/\/websurfer.es\/?page_id=35"},"modified":"2018-07-05T11:22:53","modified_gmt":"2018-07-05T09:22:53","slug":"quienes-somos","status":"publish","type":"page","link":"https:\/\/aizufamiliak.barakaldo.eus\/es\/quienes-somos\/","title":{"rendered":"Qui\u00e9nes somos"},"content":{"rendered":"<p><\/p>\n<div class=\"quienessomosdiv\">\n&nbsp;<\/p>\n<p style=\"text-align: center;\"><span style=\"font-size: 14pt;\">Aizu! lo formamos un equipo psicoeducativo que queremos responder a tus dudas\u00a0e inquietudes sobre los temas que como joven-adolescente te preocupan.\u00a0<\/span><\/p>\n<p>&nbsp;<\/p>\n<h2><span style=\"font-size: 24pt;\">\u00bfC\u00f3mo?&#8230; <\/span><strong><span style=\"font-size: 14pt;\">Estando contigo, escuch\u00e1ndote, inform\u00e1ndote, orient\u00e1ndote.<\/span><\/strong><\/h2>\n<p><a href=\"http:\/\/websurfer.es\/wp-content\/uploads\/2015\/03\/chica-consejos.gif\"><img loading=\"lazy\" decoding=\"async\" class=\" size-full wp-image-1203 aligncenter\" src=\"http:\/\/websurfer.es\/wp-content\/uploads\/2015\/03\/chica-consejos.gif\" alt=\"chica consejos\" width=\"220\" height=\"200\" \/><\/a><\/p>\n<h2><span style=\"font-size: 24pt;\">\u00bfQu\u00e9 te ofrecemos?&#8230;<\/span><\/h2>\n<ul>\n<li><span style=\"font-size: 14pt;\">Informaci\u00f3n sobre consumo de drogas y factores de riesgo.<\/span><\/li>\n<li><span style=\"font-size: 14pt;\">Atenci\u00f3n a dudas y demandas concretas relacionadas con el consumo de drogas.<\/span><\/li>\n<\/ul>\n<p><a href=\"http:\/\/websurfer.es\/wp-content\/uploads\/2015\/01\/marihuana-comida_transp.png\"><img loading=\"lazy\" decoding=\"async\" class=\" size-full wp-image-217 aligncenter\" src=\"http:\/\/websurfer.es\/wp-content\/uploads\/2015\/01\/marihuana-comida_transp.png\" alt=\"marihuana comida_transp\" width=\"270\" height=\"250\" \/><\/a><\/p>\n<p>&nbsp;<\/p>\n<h2><span style=\"font-size: 24pt;\">\u00bfD\u00f3nde?&#8230;<\/span><\/h2>\n<h2>\u00a0\u00a0\u00a0\u00a0\u00a0\u00a0 En tu centro<\/h2>\n<p>&nbsp;<\/p>\n<h3>Puntos de\u00a0Informaci\u00f3n\u00a0\/ Espacios de recreo y comedor<\/h3>\n<p>Si quieres recibir informaci\u00f3n veraz y objetiva o tienes dudas obre el consumo de drogas ac\u00e9rcate al punto de informaci\u00f3n o\u00a0a la educadora de tu centro.<\/p>\n<h3>Talleres<\/h3>\n<p>Para informarte de los efectos y los riesgos asociados al consumo de drogas y para que no te creas todo lo que oyes por ah\u00ed sobre las drogas.<\/p>\n<h3>\u00bfEn qu\u00e9 centros estamos?<\/h3>\n<ul>\n<li>IES Trueba<\/li>\n<li>IES Minas<\/li>\n<li>IES Cruces<\/li>\n<li>IES Beurko<\/li>\n<li>PCPI Lutxana<\/li>\n<li>Colegio Nuestra Se\u00f1ora del Rosario<\/li>\n<li>Colegio Alazne<\/li>\n<li>Colegio El Regato<\/li>\n<\/ul>\n<p>&nbsp;<\/p>\n<h2>En el local\u00a0AIZU!<\/h2>\n<h2><a href=\"http:\/\/websurfer.es\/quienes-somos\/local-marco\/\" rel=\"attachment wp-att-3194\"><img loading=\"lazy\" decoding=\"async\" class=\"wp-image-3203 size-medium alignleft\" src=\"http:\/\/websurfer.es\/wp-content\/uploads\/2015\/01\/Local-marco-300x141.jpg\" width=\"300\" height=\"141\" srcset=\"https:\/\/aizufamiliak.barakaldo.eus\/wp-content\/uploads\/2015\/01\/Local-marco-300x141.jpg 300w, https:\/\/aizufamiliak.barakaldo.eus\/wp-content\/uploads\/2015\/01\/Local-marco-100x47.jpg 100w, https:\/\/aizufamiliak.barakaldo.eus\/wp-content\/uploads\/2015\/01\/Local-marco-53x25.jpg 53w, https:\/\/aizufamiliak.barakaldo.eus\/wp-content\/uploads\/2015\/01\/Local-marco.jpg 376w\" sizes=\"(max-width: 300px) 100vw, 300px\" \/><\/a><\/h2>\n<h3><strong>Grupos alternativos a la sanci\u00f3n administrativa<\/strong><\/h3>\n<p>Si tienes entre 14 y 16 a\u00f1os y alguna medida previa a la sanci\u00f3n administrativa por consumo de sustancias o botell\u00f3n puedes participar en la alternativa psicoeducativa al pago de la multa.<\/p>\n<h3>Grupos\u00a0Aizu!<\/h3>\n<p>Si tienes entre 12 y 18 a\u00f1os, dudas, cosas que te preocupan, aficiones, problemas,&#8230; y quieres compartirlas con gente de tu edad\u00a0ap\u00fantate a los grupos Aizu!<br \/>\n<a href=\"http:\/\/websurfer.es\/folleto-grupos-2-castellano\/\" rel=\"attachment wp-att-3202\"><img loading=\"lazy\" decoding=\"async\" class=\"aligncenter wp-image-3202\" src=\"http:\/\/websurfer.es\/wp-content\/uploads\/2018\/06\/FOLLETO-GRUPOS-2-Castellano.png\" alt=\"folleto portada castellano\" width=\"500\" height=\"367\" \/><\/a><a href=\"http:\/\/websurfer.es\/folleto-grupos-4-castellano\/\" rel=\"attachment wp-att-3201\"><img loading=\"lazy\" decoding=\"async\" class=\"aligncenter wp-image-3201\" src=\"http:\/\/websurfer.es\/wp-content\/uploads\/2018\/06\/FOLLETO-GRUPOS-4-Castellano.png\" alt=\"folleto interior castellano marco negro\" width=\"500\" height=\"366\" \/><\/a><\/p>\n<p><span style=\"font-size: 28px;\">\u00a1Ven a informarte!<\/span><\/p>\n<p>Desde junio estamos en la calle Etxatxu n\u00ba 10, bajo trasera. (Junto al front\u00f3n de Rontegi)<\/p>\n<p>El n\u00famero de tel\u00e9fono tambi\u00e9n ha cambiado. Para contactar con el equipo de educadoras el tel\u00e9fono es <span style=\"font-size: 20px;\">94 478 92 72<\/span> y para contactar con las asesoras <span style=\"font-size: 20px;\">94 478 92 73<\/span><\/p>\n<p>Si prefieres contactar por whatsapp\u2026<\/p>\n<p>Arantza (Colegio El Regato, Colegio Alazne y Colegio Nuestra Se\u00f1ora del Rosario):\u00a0<span style=\"font-size: 20px;\">688 812 543<\/span><\/p>\n<p>Aitziber (PCPI Lutxana, IES Beurko e IES Cruces): <span style=\"font-size: 20px;\">688 668 111<\/span><\/p>\n<p>Paula (IES Trueba, IES Minas): <span style=\"font-size: 20px;\">688 668 036<\/span><\/p>\n<p><span style=\"font-size: 20px;\"><strong>En el correo electr\u00f3nico:<\/strong><\/span><br \/>\n<span style=\"font-size: 20px;\"> <a href=\"mailto:aizubarakaldo@gmail.com\">aizubarakaldo@gmail.com<\/a><\/span>\n<\/div>\n<p><\/p>","protected":false},"excerpt":{"rendered":"<p>&nbsp; Aizu! lo formamos un equipo psicoeducativo que queremos responder a tus dudas\u00a0e inquietudes sobre los temas que como joven-adolescente te preocupan.\u00a0 &nbsp; \u00bfC\u00f3mo?&#8230; Estando contigo, escuch\u00e1ndote, inform\u00e1ndote, orient\u00e1ndote. \u00bfQu\u00e9 te ofrecemos?&#8230; Informaci\u00f3n sobre consumo de drogas y factores de riesgo. Atenci\u00f3n a dudas y demandas concretas relacionadas con el consumo de drogas. &nbsp; \u00bfD\u00f3nde?&#8230; [&hellip;]<\/p>\n","protected":false},"author":5,"featured_media":4816,"parent":0,"menu_order":0,"comment_status":"closed","ping_status":"closed","template":"","meta":{"footnotes":""},"categories":[],"tags":[],"post_mailing_queue_ids":[],"_links":{"self":[{"href":"https:\/\/aizufamiliak.barakaldo.eus\/es\/wp-json\/wp\/v2\/pages\/35"}],"collection":[{"href":"https:\/\/aizufamiliak.barakaldo.eus\/es\/wp-json\/wp\/v2\/pages"}],"about":[{"href":"https:\/\/aizufamiliak.barakaldo.eus\/es\/wp-json\/wp\/v2\/types\/page"}],"author":[{"embeddable":true,"href":"https:\/\/aizufamiliak.barakaldo.eus\/es\/wp-json\/wp\/v2\/users\/5"}],"replies":[{"embeddable":true,"href":"https:\/\/aizufamiliak.barakaldo.eus\/es\/wp-json\/wp\/v2\/comments?post=35"}],"version-history":[{"count":65,"href":"https:\/\/aizufamiliak.barakaldo.eus\/es\/wp-json\/wp\/v2\/pages\/35\/revisions"}],"predecessor-version":[{"id":5201,"href":"https:\/\/aizufamiliak.barakaldo.eus\/es\/wp-json\/wp\/v2\/pages\/35\/revisions\/5201"}],"wp:featuredmedia":[{"embeddable":true,"href":"https:\/\/aizufamiliak.barakaldo.eus\/es\/wp-json\/wp\/v2\/media\/4816"}],"wp:attachment":[{"href":"https:\/\/aizufamiliak.barakaldo.eus\/es\/wp-json\/wp\/v2\/media?parent=35"}],"wp:term":[{"taxonomy":"category","embeddable":true,"href":"https:\/\/aizufamiliak.barakaldo.eus\/es\/wp-json\/wp\/v2\/categories?post=35"},{"taxonomy":"post_tag","embeddable":true,"href":"https:\/\/aizufamiliak.barakaldo.eus\/es\/wp-json\/wp\/v2\/tags?post=35"}],"curies":[{"name":"wp","href":"https:\/\/api.w.org\/{rel}","templated":true}]}}